{"id":632,"date":"2018-07-03T08:23:40","date_gmt":"2018-07-03T08:23:40","guid":{"rendered":"http:\/\/www.canestruc.com\/\/?page_id=632"},"modified":"2023-01-13T13:03:31","modified_gmt":"2023-01-13T13:03:31","slug":"politica-de-privacidad","status":"publish","type":"page","link":"https:\/\/canestruc.com\/ca\/politica-de-privacitat\/","title":{"rendered":"Pol\u00edtica de privacitat"},"content":{"rendered":"<p><\/p>\n<h3><strong>Pol\u00edtica de privacitat<\/strong><\/h3>\n<p>La utilitzaci\u00f3 d&#8217;aquesta web, xarxes socials i dels seus formularis requereix l&#8217;acceptaci\u00f3 del tractament de les dades de l&#8217;usuari conforme a aquesta pol\u00edtica de privacitat, incloent la recopilaci\u00f3 de dades d&#8217;acc\u00e9s i l&#8217;enviament d&#8217;informaci\u00f3 comercial per via electr\u00f2nica.<\/p>\n<h4><strong>Responsable del tractament de les dades i informaci\u00f3 de contacte<\/strong><\/h4>\n<p>El responsable \u00e9s: NEGOCIANTS, S.L.U. i empreses vinculades de VILA VINITECA.<\/p>\n<p>Adre\u00e7a: C\/ AGULLERS, 7 08003 BARCELONA.<\/p>\n<p>Dades de contacte del responsable: tel\u00e8fon: 902 327 777; email: <a href=\"mailto:rgpd@vilaviniteca.es\">rgpd@vilaviniteca.es<\/a><\/p>\n<p>Dades de contacte del Comit\u00e8 de Protecci\u00f3 de dades: C\/ AGULLERS, 7 08003 BARCELONA, <a href=\"mailto:rgpd@vilaviniteca.es\">rgpd@vilaviniteca.es<\/a>.<\/p>\n<h4><strong>Finalitat del tractament de les dades<\/strong><\/h4>\n<p>Les dades es tracten amb l&#8217;objectiu de proporcionar acc\u00e9s als continguts en l\u00ednia de la web aix\u00ed com atendre les sol\u00b7licituds dels usuaris del web, portar un registre de visites (adreces IP, dades del navegador, pa\u00eds, p\u00e0gina accedida, etc.) a efectes estad\u00edstics, aplicar mesures encaminades a la seguretat de la web, i en el seu cas l&#8217;enviament d&#8217;informaci\u00f3 comercial sobre els nostres productes i serveis per via electr\u00f2nica.<\/p>\n<p>En cas d&#8217;emplenar algun dels formularis ser\u00e0 necessari facilitar determinades dades personals, les quals es tractaran per a la finalitat per a la qual es sol\u00b7liciten.<\/p>\n<h4><strong>Club VILA VINITECA<\/strong><\/h4>\n<p>Les dades obtingudes a trav\u00e9s de l&#8217;alta en el CLUB VILA VINITECA es tracten sobre la base del seu consentiment, amb la finalitat de gestionar l&#8217;alta i subscripci\u00f3 en el club de fidelitzaci\u00f3 de l&#8217;empresa, aix\u00ed com per a enviar-li informaci\u00f3 sobre els nostres productes i serveis per qualsevol via, inclosa l&#8217;electr\u00f2nica. Sent integrant del club, el soci rep una selecci\u00f3 de vins mensual. Amb la subscripci\u00f3, cada mes el soci\/a rep, a m\u00e9s, informaci\u00f3 de la selecci\u00f3 de vins triada, les etiquetes originals dels vins i les ofertes corresponents. El subscriptor pot donar-se de baixa en qualsevol moment i exercir els seus drets sobre la base de la pol\u00edtica de privacitat aqu\u00ed descrita.<\/p>\n<h4><strong><em>Newsletters<\/em> i cat\u00e0legs comercials<\/strong><\/h4>\n<p>Les empreses vinculades de VILA VINITECA podran enviar-li informaci\u00f3 d&#8217;inter\u00e8s, aix\u00ed com informaci\u00f3 sobre productes, promocions, concursos, ofertes, esdeveniments o activitats relacionades amb els productes de les empreses vinculades, a trav\u00e9s d&#8217;una <em>newsletter<\/em> o similar al correu electr\u00f2nic proporcionat, sempre que tinguem el seu consentiment inequ\u00edvoc, sol\u00b7licitat, si escau, a trav\u00e9s dels formularis f\u00edsics o online existents, aix\u00ed com a trav\u00e9s dels diferents m\u00e8todes de subscripci\u00f3 als nostres esdeveniments, activitats o fires, o b\u00e9 mitjan\u00e7ant les habilitacions legals establertes per la Llei 34\/2002, de serveis de la societat de la informaci\u00f3 i comer\u00e7 electr\u00f2nic. Podr\u00e0 donar-se de baixa en qualsevol moment si aix\u00ed ho sol\u00b7licita seguint les condicions aqu\u00ed descrites o l&#8217;enlla\u00e7 incorporat en la <em>newsletter<\/em>. Aix\u00ed mateix, l&#8217;informem que VILA VINITECA tamb\u00e9 podr\u00e0 enviar-li al seu domicili un cat\u00e0leg comercial amb productes del grup, previ consentiment de l&#8217;interessat o mitjan\u00e7ant les habilitacions legals per a l&#8217;enviament de publicitat comercial en cas de ser client. En tot moment \u00e9s possible revocar el consentiment dirigint un email o escrit a l&#8217;adre\u00e7a del responsable, establerta en aquest document.<\/p>\n<h4><strong>Promocions, concursos i activitats<\/strong><\/h4>\n<p>En cas d&#8217;inscriure&#8217;s a qualsevol de les nostres activitats, concursos diversos o reserva\/compra dels nostres serveis i productes, les dades s&#8217;utilitzaran exclusivament per a les finalitats descrites en cada formulari propi, VILA VINITECA podr\u00e0 contactar-li a trav\u00e9s de l&#8217;email o tel\u00e8fon proporcionat per a informar-lo sobre assumptes relatius als productes o serveis contractats, aix\u00ed com per a informar-lo de qualsevol canvi o modificaci\u00f3.<\/p>\n<h4><strong>Fotografies i v\u00eddeos<\/strong><\/h4>\n<p>En cas d&#8217;inscriure&#8217;s a qualsevol de les nostres activitats, concursos diversos o esdeveniments, VILA VINITECA podria prendre fotografies o v\u00eddeos dels assistents, amb finalitats de difusi\u00f3 de les activitats i promoci\u00f3 de les empreses vinculades, en mitjans propis (webs, xarxes socials, etc.), aix\u00ed com en mitjans de tercers interessats. S&#8217;informar\u00e0 fefaentment mitjan\u00e7ant cartells informatius i\/o en les condicions de subscripci\u00f3 de cada esdeveniment o activitat. En qualsevol cas, els usuaris afectats podran exercir els seus drets en la direcci\u00f3 o email del responsable, esmentat m\u00e9s amunt.<\/p>\n<h4><strong>Legitimaci\u00f3<\/strong><\/h4>\n<p>Les dades es tracten sobre la base del consentiment de l&#8217;usuari, compliment d&#8217;obligacions legals i, al seu cas, execuci\u00f3 d&#8217;un contracte o pre-contracte.<\/p>\n<h4><strong>Destinataris i transfer\u00e8ncies<\/strong><\/h4>\n<p>Destinataris: VILA VINITECA. Empreses vinculades: NEGOCIANTS SLU, CALIDOSCOPI VINOS FINOS SLU, CALIDOSCOPI VINS SLU, CAN DEZ MAS SL, UVAS FELICES SLU, VINS RARS SL, PRESCRIPTORS SLU.<\/p>\n<p>No es preveu la transfer\u00e8ncia internacional (fora de l&#8217;Espai Econ\u00f2mic Europeu), excepte amb fins d&#8217;emmagatzematge, i en tot cas sobre la base de l&#8217;exist\u00e8ncia d&#8217;una decisi\u00f3 d&#8217;adequaci\u00f3, d&#8217;acord amb l\u2019exist\u00e8ncia de garanties adequades, aix\u00ed com entitats adherides a l&#8217;acord <em>privacy shield<\/em> (<a href=\"http:\/\/www.privacyshield.gov\">http:\/\/www.privacyshield.gov<\/a>).<\/p>\n<h4><strong>Termini de conservaci\u00f3 de les dades<\/strong><\/h4>\n<p>Almenys durant els terminis establerts per la legislaci\u00f3 aplicable i en tot cas mentre es mantingui la vig\u00e8ncia del consentiment.<\/p>\n<h4><strong>Drets de les persones<\/strong><\/h4>\n<p>Els afectats tenen dret a: accedir, rectificar i suprimir les seves dades; sol\u00b7licitar la portabilitat de les seves dades; oposar-se al tractament o sol\u00b7licitar la seva limitaci\u00f3; retirar el consentiment prestat, si \u00e9s el cas.<\/p>\n<p>Per aquest fi poden enviar la seva sol\u00b7licitud per escrit o correu electr\u00f2nic a l&#8217;adre\u00e7a del responsable, incloent la refer\u00e8ncia &#8220;Protecci\u00f3 de dades&#8221;.<\/p>\n<p>Per facilitar la identificaci\u00f3, recomanem que el titular de les dades adjunti a la sol\u00b7licitud la c\u00f2pia del DNI\/passaport.<\/p>\n<p>Els afectats tamb\u00e9 poden realitzar una reclamaci\u00f3 davant l&#8217;Autoritat de Control de protecci\u00f3 de dades.<\/p>\n<h4><strong>Veracitat i actualitzaci\u00f3 de les dades<\/strong><\/h4>\n<p>L&#8217;usuari ha d&#8217;emplenar els formularis amb dades reals, exactes, completes i actuals. L&#8217;usuari no introduir\u00e0 dades corresponents a una altra persona; entendr\u00e0 que les dades han estat facilitades pel els seus titulars. L&#8217;usuari ser\u00e0 l&#8217;\u00fanic responsable de qualsevol perjudici, directe o indirecte, que pogu\u00e9s ocasionar a qualsevol persona a causa de l&#8217;emplenament del formulari amb dades falses, inexactes, incompletes, no actualitzades o relatives a una altra persona.<\/p>\n<p>L&#8217;usuari haur\u00e0 de comunicar qualsevol modificaci\u00f3 en les dades proporcionades amb la finalitat de mantenir les seves dades degudament actualitzades.<\/p>\n<h4><strong>Seguretat de la informaci\u00f3<\/strong><\/h4>\n<p>VILA VINITECA ha pres totes les mesures legalment requerides per a la protecci\u00f3 de dades personals; aix\u00ed mateix, ha adoptat tots els dispositius t\u00e8cnics al seu abast per evitar la p\u00e8rdua, el mal \u00fas, l&#8217;alteraci\u00f3, l&#8217;acc\u00e9s o el robatori de les dades personals facilitades pels usuaris de la web. L&#8217;usuari tindr\u00e0 en compte, no obstant aix\u00f2, que les mesures de seguretat a Internet no s\u00f3n absolutament inviolables.<\/p>\n<h4><strong>Menors d&#8217;edat<\/strong><\/h4>\n<p>VILA VINITECA prohibeix l&#8217;\u00fas dels seus serveis web als usuaris menors de catorze anys, excepte consentiment expr\u00e9s dels seus pares o tutors.<\/p>\n<p>Referent a la botiga online, \u00fanicament s&#8217;autoritza a adquirir productes als majors de 18 anys.<\/p>\n<p>En cap cas el menor podr\u00e0 facilitar dades que permetin obtenir informaci\u00f3 sobre els membres del grup familiar, o sobre les caracter\u00edstiques del mateix, tal i com dades relatives a l&#8217;activitat professional dels progenitors, informaci\u00f3 econ\u00f2mica, dades sociol\u00f2giques o qualsevol altre, sense el consentiment del titular de tals dades.<\/p>\n<h4><strong>Anal\u00edtiques Web<\/strong><\/h4>\n<p>Aquesta web utilitza diverses anal\u00edtiques per con\u00e8ixer la manera en qu\u00e8 \u00e9s buscada, accedida i utilitzada pel p\u00fablic. Aquestes anal\u00edtiques poden implicar la recopilaci\u00f3 de dades de car\u00e0cter personal com per exemple l&#8217;adre\u00e7a IP, la localitzaci\u00f3 de la connexi\u00f3, la informaci\u00f3 sobre el software o hardware de navegaci\u00f3. Aquesta informaci\u00f3 no s&#8217;associa als usuaris i s&#8217;utilitza amb la finalitat exclusiva d&#8217;obtenir dades estad\u00edstiques sobre l&#8217;\u00fas de la web de l&#8217;empresa.<\/p>\n<h4><strong>Utilitzaci\u00f3 de funcions i complements de tercers<\/strong><\/h4>\n<p>Aquesta web pot incorporar funcions i complements proporcionats per tercers per a diverses finalitats, com per exemple: anal\u00edtiques web de tercers, mapes de tercers, v\u00eddeos de tercers, compartici\u00f3 a xarxes social, etc.<\/p>\n<p>Una funci\u00f3 o complement d&#8217;un tercer estableix una connexi\u00f3 directa entre el navegador de l&#8217;usuari i els dominis d&#8217;Internet controlats pel tercer, permetent la desc\u00e0rrega i execuci\u00f3 de la funci\u00f3.<\/p>\n<p>Aix\u00ed la majoria de complements de tercers recopilen quines p\u00e0gines visiten els usuaris per con\u00e8ixer els seus interessos i poder oferir posteriorment publicitat adaptada als mateixos.<\/p>\n<h4><strong>Utilitzaci\u00f3 de la funci\u00f3 Google Analytics proporcionada per Google, Inc.<\/strong><\/h4>\n<p>Aquesta web integra funcions anal\u00edtiques de Google Inc. (1600 AMPHITHEATRE PARKWAY, MOUNTAIN VIEW, CALIF\u00d2RNIA, USA) per con\u00e8ixer la manera en que \u00e9s buscada, accedida i utilitzada pels usuaris. Per a aix\u00f2, en usar aquesta web el navegador de l&#8217;usuari estableix una connexi\u00f3 directa amb els servidors del domini d&#8217;Internet google.com i altres dominis de Google. Aix\u00f2 permet a Google registrar l&#8217;activitat de l&#8217;usuari aix\u00ed com informaci\u00f3 relativa a la seva adre\u00e7a IP. Google Analytics fa \u00fas de cookies persistents per elaborar estad\u00edstiques an\u00f2nimes sobre l&#8217;\u00fas d&#8217;aquesta web, conforme a la seg\u00fcent pol\u00edtica de privacitat: https:\/\/www.google.com\/analytics\/learn\/privacy.html?hl=ca. En utilitzar aquesta web l&#8217;usuari d\u00f3na el consentiment per al tractament de les seves dades a Google per a les finalitats indicades.<\/p>\n<h4><strong>Utilitzaci\u00f3 de funcions proporcionades per Google, Inc.<\/strong><\/h4>\n<p>Aquesta web integra funcions de Google Inc. (1600 AMPHITHEATRE PARKWAY, MOUNTAIN VIEW, CALIF\u00d2RNIA, USA) com per exemple v\u00eddeos de YouTube, mapes i botons &#8220;+1&#8221;. Per aquesta ra\u00f3 en utilitzar la web el navegador de l&#8217;usuari estableix una connexi\u00f3 directa amb els servidors del domini d&#8217;Internet google.com i altres dominis de Google. Aix\u00f2 permet a Google con\u00e8ixer que l&#8217;usuari ha visitat la web des de la seva adre\u00e7a IP. Google fa \u00fas de cookies persistents, emmagatzematge local i emmagatzematge local de Flaix en el dispositiu de l&#8217;usuari, per a diverses finalitats incloent la recopilaci\u00f3 de l&#8217;activitat de l&#8217;usuari en Internet per oferir-li publicitat adaptada als seus interessos, conforme a les seves pol\u00edtiques de privacitat: <a href=\"http:\/\/www.google.es\/intl\/es\/policies\/privacy\/\">http:\/\/www.google.es\/intl\/es\/policies\/privacy\/<\/a> . En utilitzar aquesta web l&#8217;usuari dona el consentiment per al tractament de les seves dades a Google per a les finalitats indicades.<\/p>\n<hr \/>\n<h3><strong>Pol\u00edtica de xarxes socials<\/strong><\/h3>\n<p>La utilitzaci\u00f3 de xarxes socials i dels seus formularis requereix l&#8217;acceptaci\u00f3 del tractament de les dades de l&#8217;usuari d&#8217;acord amb aquesta pol\u00edtica de privacitat, incloent la recopilaci\u00f3 de dades d&#8217;acc\u00e9s i l&#8217;enviament d&#8217;informaci\u00f3 comercial per via electr\u00f2nica i altres mitjans, aix\u00ed com l&#8217;acceptaci\u00f3 de pol\u00edtiques de privacitat de cadascuna de les diferents xarxes socials en les que l&#8217;empresa \u00e9s usuari.<\/p>\n<p>La interacci\u00f3 amb els nostres perfils es realitza d&#8217;acord amb les pol\u00edtiques de privacitat de cada xarxa social. A m\u00e9s, la utilitzaci\u00f3 i interacci\u00f3 a trav\u00e9s de les xarxes socials o perfils de VILA VINITECA per part dels usuaris, comporta el tractament sota els termes establerts en la present pol\u00edtica de privacitat, de les dades de car\u00e0cter personal facilitades per l&#8217;usuari, aix\u00ed com la informaci\u00f3 referida a prefer\u00e8ncies i altres dades d&#8217;inter\u00e8s comercial.<\/p>\n<p>Consulteu la nostra <a href=\"https:\/\/www.vilaviniteca.es\/ca\/content\/atencion-al-cliente\/politica_de_privacidad\/\">pol\u00edtica de privacitat<\/a> i <a href=\"https:\/\/www.vilaviniteca.es\/ca\/content\/atencion-al-cliente\/politica_de_cookies\/\">pol\u00edtica de cookies<\/a> per obtenir m\u00e9s informaci\u00f3 sobre com tractem les seves dades personals.<\/p>\n<h4><\/h4>\n<h4><strong>Responsable del tractament de les dades i informaci\u00f3 de contacte<\/strong><\/h4>\n<p>El responsable \u00e9s: VILA VINITECA i empreses vinculades: NEGOCIANTS SLU, CALIDOSCOPI VINOS FINOS SLU, CALIDOSCOPI VINS SLU, CAN DEZ MAS SL, UVAS FELICES SLU, VINS RARS SL, PRESCRIPTORS SLU.<\/p>\n<p>Pot posar-se en contacte amb nosaltres:<\/p>\n<ul>\n<li>Per tel\u00e8fon, al n\u00famero 902.327.777.<\/li>\n<li>Per correu electr\u00f2nic, escrivint a <a href=\"mailto:rgpd@vilaviniteca.es\">rgpd@vilaviniteca.es<\/a> .<\/li>\n<li>Per escrit, dirigint-se a C \/ Agullers 7, 08003 BARCELONA (BARCELONA).<\/li>\n<\/ul>\n<h4><\/h4>\n<h4><strong>Finalitat del tractament de les dades<\/strong><\/h4>\n<p>Les dades proporcionades pels usuaris que interactuen en les nostres xarxes socials es tracten amb l&#8217;objectiu d\u2019atendre les sol\u00b7licituds dels usuaris, gestionar les nostres campanyes comercials, aix\u00ed com, si \u00e9s el cas, enviar-li per mitjans electr\u00f2nics informaci\u00f3 comercial sobre els nostres productes, serveis, promocions i activitats.<\/p>\n<p>Tamb\u00e9 podrem utilitzar les dades proporcionades, incl\u00f2s les seves adreces de Xarxes Socials, per contactar i atendre les seves sol\u00b7licituds i \/ o reclamacions en cas d\u2019etiquetar o fer-nos menci\u00f3.<\/p>\n<h4><strong>Legitimaci\u00f3<\/strong><\/h4>\n<p>Les dades es tracten basant-se en el consentiment de l&#8217;usuari i interessos leg\u00edtims de l&#8217;empresa.<\/p>\n<h4><strong><em>Newsletters <\/em><\/strong><strong>i informaci\u00f3 comercial<\/strong><\/h4>\n<p>VILA VINITECA podr\u00e0 enviar-li informaci\u00f3 d&#8217;inter\u00e8s sobre l&#8217;empresa, aix\u00ed com informaci\u00f3 sobre productes, promocions, concursos, ofertes, esdeveniments o activitats, propis o de tercers, a trav\u00e9s d&#8217;una <em>newsletter <\/em>o similar, sempre que tinguem el seu consentiment inequ\u00edvoc, sol\u00b7licitat, si s&#8217;escau, a trav\u00e9s dels formularis f\u00edsics o <em>en l\u00ednia <\/em>existents, aix\u00ed com a trav\u00e9s dels diferents m\u00e8todes de subscripci\u00f3 als nostres esdeveniments, activitats o fires, o b\u00e9 mitjan\u00e7ant les habilitacions legals establertes per la Llei 34\/2002 de serveis de la societat de la informaci\u00f3 i comer\u00e7 electr\u00f2nic. Podr\u00e0 donar-se de baixa en qualsevol moment si aix\u00ed ho sol\u00b7licita seguint les condicions aqu\u00ed descrites o l&#8217;enlla\u00e7 incorporat a la <em>newsletter <\/em>.<\/p>\n<p>Aix\u00ed mateix, la utilitzaci\u00f3 de xarxes socials implica el tractament de les dades amb fins de publicitat per part de les Xarxes Socials d&#8217;acord amb la seva pol\u00edtica de privacitat. Aquest tractament es realitza en base al seu consentiment a l\u2018utilitzar aquestes plataformes segons les condicions establertes per cada Xarxa Social.<\/p>\n<h4><strong>Pol\u00edtiques espec\u00edfiques de cada xarxa social <\/strong><\/h4>\n<p>VILA VINITECA forma part de nombroses xarxes socials per a les finalitats descrites anteriorment. Per obtenir una visi\u00f3 espec\u00edfica de cada pol\u00edtica de privacitat, consulteu les diferents pol\u00edtiques de privacitat de les xarxes socials que utilitzem a:<\/p>\n<p>&#8211; <a href=\"https:\/\/translate.google.com\/translate?hl=es&amp;prev=_t&amp;sl=auto&amp;tl=ca&amp;u=https:\/\/twitter.com\/es\/privacy\"><em>https:\/\/twitter.com\/es\/p<\/em><\/a><a href=\"https:\/\/translate.google.com\/translate?hl=es&amp;prev=_t&amp;sl=auto&amp;tl=ca&amp;u=https:\/\/twitter.com\/es\/privacy\"><em>r<\/em><\/a><a href=\"https:\/\/translate.google.com\/translate?hl=es&amp;prev=_t&amp;sl=auto&amp;tl=ca&amp;u=https:\/\/twitter.com\/es\/privacy\"><em>ivacy<\/em><\/a> (TWITTER)<\/p>\n<p>&#8211; <a href=\"https:\/\/translate.google.com\/translate?hl=es&amp;prev=_t&amp;sl=auto&amp;tl=ca&amp;u=https:\/\/es-es.facebook.com\/about\/privacy\/update\"><em>https:\/\/es-es.facebook.com\/about\/privacy\/upda <\/em><\/a><a href=\"https:\/\/translate.google.com\/translate?hl=es&amp;prev=_t&amp;sl=auto&amp;tl=ca&amp;u=https:\/\/es-es.facebook.com\/about\/privacy\/update\"><em>et<\/em><\/a> (FACEBOOK)<\/p>\n<p>&#8211; <a href=\"https:\/\/translate.google.com\/translate?hl=es&amp;prev=_t&amp;sl=auto&amp;tl=ca&amp;u=https:\/\/help.instagram.com\/519522125107875\"><em>https:\/\/help.instagram.com\/519522125107875<\/em><\/a> (INSTAGRAM)<\/p>\n<p>&#8211; <a href=\"https:\/\/translate.google.com\/translate?hl=es&amp;prev=_t&amp;sl=auto&amp;tl=ca&amp;u=https:\/\/policy.pinterest.com\/es\/privacy-policy\"><em>https:\/\/policy.pinterest.com\/es\/privacy-policy<\/em><\/a> (PINTEREST)<\/p>\n<p>&#8211;<em><a href=\"https:\/\/www.linkedin.com\/legal\/privacy-policy?trk=uno-reg-guest-home-privacy-policy\">https:\/\/www.linkedin.com\/legal\/privacy-policy?trk=uno-reg-guest-home-privacy-policy<\/a><\/em> (LINKEDIN)<\/p>\n<p><em>\u00a0<\/em><\/p>\n<h4><strong>Normes d&#8217;\u00fas<\/strong><\/h4>\n<p>&#8211; No insulti ni menyspre\u00ef a ning\u00fa. Sigui respectu\u00f3s i amable i respecti les diferents opinions, creences, gustos, ideologies, orientacions sexuals, etc.<\/p>\n<p>&#8211; Sigui respectu\u00f3s amb la privacitat de les persones i no difongui informaci\u00f3 ni dades de tercers sense els consentiments preceptius.<\/p>\n<p>&#8211; No faci publicitat de productes i \/ o de serveis de tercers a les nostres plataformes.<\/p>\n<p>&#8211; No sigui repetitiu ni faci spam.<\/p>\n<p>VILA VINITECA es reserva el dret d&#8217;ocultar, no admetre i \/ o bloquejar a aquells usuaris que no respectin les normes anteriors ni les condicions descrites en la present pol\u00edtica de xarxes socials.<\/p>\n<h4><strong>Condicions d&#8217;\u00fas de les fotografies i imatges<\/strong><\/h4>\n<p>Publiquem fotografies pr\u00f2pies i \/ o de tercers sempre sota autoritzaci\u00f3 de les persones identificades i respectant els drets d&#8217;autor i propietat intel\u00b7lectual dels autors d&#8217;aquestes imatges.<\/p>\n<p>Les imatges publicades no poden copiar-se, reproduir-se, distribuir-se, comunicar-se o transformar-se sense ser expressament autoritzades per VILA VINITECA. Nom\u00e9s podran compartir-se mitjan\u00e7ant les eines habilitades en les pr\u00f2pies xarxes socials.<\/p>\n<p>Si utilitzeu els nostres <em>hashtags<\/em> propis creats per a una campanya determinada, ens dona perm\u00eds per utilitzar aquesta fotografia o imatge. Sempre l\u2019 etiquetarem i citarem en la publicaci\u00f3.<\/p>\n<p>Assumim que t\u00e9 la propietat de la imatge o fotografia incorporada al <em>hashtag<\/em> i que no infringeix la propietat intel\u00b7lectual i els drets d&#8217;imatge de cap tercer ni infringeix cap llei.<\/p>\n<h4><strong>Destinataris i transfer\u00e8ncies<\/strong><\/h4>\n<p>VILA VINITECA i empreses vinculades: NEGOCIANTS SLU, CALIDOSCOPI VINOS FINOS SLU, CALIDOSCOPI VINS SLU, CAN DEZ MAS SL, UVAS FELICES SLU, VINS RARS SL, PRESCRIPTORS SLU.<\/p>\n<p>La utilitzaci\u00f3 de xarxes socials implica el tractament i acc\u00e9s de dades fora de l&#8217;Espai Econ\u00f2mic Europeu, incloent des de pa\u00efsos que no ofereixen una normativa de protecci\u00f3 de dades equiparable a l&#8217;europea. Per a m\u00e9s informaci\u00f3, consulteu les pol\u00edtiques de privacitat de cadascuna de les xarxes socials.<\/p>\n<h4><strong>Termini de conservaci\u00f3 de les dades<\/strong><\/h4>\n<p>Al menys durant els terminis establerts per la legislaci\u00f3 aplicable i en tot cas mentre es mantingui la vig\u00e8ncia del consentiment .<\/p>\n<h4><strong>Drets de les persones<\/strong><\/h4>\n<p>Els afectats tenen dret a: accedir, rectificar i suprimir les seves dades, sol\u00b7licitar la portabilitat de les seves dades, oposar-se al tractament o sol\u00b7licitar la seva limitaci\u00f3, retirar el consentiment prestat, si escau.<\/p>\n<p>Per a aix\u00f2 poden enviar la seva sol\u00b7licitud per escrit o correu electr\u00f2nic a l&#8217;adre\u00e7a del responsable, incloent la refer\u00e8ncia &#8220;Protecci\u00f3 de dades&#8221;.<\/p>\n<p>Per facilitar la identificaci\u00f3 recomanem que el titular de les dades adjunti a la sol\u00b7licitud c\u00f2pia del seu DNI o passaport.<\/p>\n<p>Els afectats tamb\u00e9 poden realitzar una reclamaci\u00f3 davant l&#8217;Autoritat de Control de protecci\u00f3 de dades.<\/p>\n<h4><strong>Menors d&#8217;edat<\/strong><\/h4>\n<p>VILA VINITECA prohibeix l&#8217;\u00fas dels seus serveis web i interacci\u00f3 en xarxes socials als usuaris menors de catorze anys.<\/p>\n<p>En cap cas el menor podr\u00e0 facilitar a VILA VINITECA dades que permetin obtenir informaci\u00f3 sobre els altres membres del grup familiar, o sobre les caracter\u00edstiques de la mateixa, com les dades relatives a l&#8217;activitat professional dels progenitors, informaci\u00f3 econ\u00f2mica, dades sociol\u00f2giques o qualsevol altres, sense el consentiment dels titulars d&#8217;aquestes dades.<\/p>\n<h4><strong>Utilitzaci\u00f3 de funcions i complements de tercers<\/strong><\/h4>\n<p>Les xarxes socials poden incorporar funcions i complements proporcionats per tercers per a diverses finalitats com , per exemple: anal\u00edtiques web de tercers, mapes de tercers, v\u00eddeos de tercers, compartici\u00f3 en xarxes socials, etc.<\/p>\n<p>Una funci\u00f3 o complement d&#8217;un tercer estableix una connexi\u00f3 directa entre el navegador del l&#8217;usuari i els dominis d&#8217;Internet controlats pel tercer, permetent la desc\u00e0rrega i execuci\u00f3 de la funci\u00f3.<\/p>\n<p>Aix\u00ed mateix, la majoria de complements de tercers recopilen quines p\u00e0gines visiten els usuaris per con\u00e8ixer els seus interessos i poder oferir-li posteriorment publicitat adaptada als mateixos.<\/p>","protected":false},"excerpt":{"rendered":"<p>Pol\u00edtica de privacitat La utilitzaci\u00f3 d&#8217;aquesta web, xarxes socials i dels seus formularis requereix l&#8217;acceptaci\u00f3 del tractament de les dades de l&#8217;usuari conforme a aquesta pol\u00edtica de privacitat, incloent la recopilaci\u00f3 de dades d&#8217;acc\u00e9s i l&#8217;enviament d&#8217;informaci\u00f3 comercial per via electr\u00f2nica. Responsable del tractament de les dades i informaci\u00f3 de contacte El responsable \u00e9s: NEGOCIANTS, &hellip; <\/p>\n<p class=\"link-more\"><a href=\"https:\/\/canestruc.com\/ca\/politica-de-privacitat\/\" class=\"more-link\">Continuar leyendo<span class=\"screen-reader-text\"> &#8220;Pol\u00edtica de privacitat&#8221;<\/span><\/a><\/p>\n","protected":false},"author":1,"featured_media":0,"parent":0,"menu_order":98,"comment_status":"closed","ping_status":"closed","template":"page-cookies.php","meta":{"footnotes":""},"class_list":["post-632","page","type-page","status-publish","hentry"],"_links":{"self":[{"href":"https:\/\/canestruc.com\/ca\/wp-json\/wp\/v2\/pages\/632","targetHints":{"allow":["GET"]}}],"collection":[{"href":"https:\/\/canestruc.com\/ca\/wp-json\/wp\/v2\/pages"}],"about":[{"href":"https:\/\/canestruc.com\/ca\/wp-json\/wp\/v2\/types\/page"}],"author":[{"embeddable":true,"href":"https:\/\/canestruc.com\/ca\/wp-json\/wp\/v2\/users\/1"}],"replies":[{"embeddable":true,"href":"https:\/\/canestruc.com\/ca\/wp-json\/wp\/v2\/comments?post=632"}],"version-history":[{"count":4,"href":"https:\/\/canestruc.com\/ca\/wp-json\/wp\/v2\/pages\/632\/revisions"}],"predecessor-version":[{"id":872,"href":"https:\/\/canestruc.com\/ca\/wp-json\/wp\/v2\/pages\/632\/revisions\/872"}],"wp:attachment":[{"href":"https:\/\/canestruc.com\/ca\/wp-json\/wp\/v2\/media?parent=632"}],"curies":[{"name":"wp","href":"https:\/\/api.w.org\/{rel}","templated":true}]}}